{"id":371,"date":"2022-03-01T14:22:08","date_gmt":"2022-03-01T13:22:08","guid":{"rendered":"https:\/\/ziplinesantomaso.it\/privacy-policy\/"},"modified":"2022-03-01T14:22:08","modified_gmt":"2022-03-01T13:22:08","slug":"privacy-policy","status":"publish","type":"page","link":"https:\/\/ziplinesantomaso.it\/en\/privacy-policy\/","title":{"rendered":"Privacy Policy"},"content":{"rendered":"<p>A seguito della consultazione di questo sito possono essere trattati dati relativi a persone identificate o identificabili.<br \/>Martello Teleferiche srl con sede in Frazione Sachet, 119G 32020 VALLADA AGORDINA (BL) \u00e8 il Titolare del trattamento dei dati personali raccolti su questo sito ai sensi e per gli effetti del Regolamento UE 679\/2016 (GDPR).<\/p>\n<p>LUOGO DI TRATTAMENTO DEI DATI<br \/>I trattamenti connessi ai servizi web di questo sito hanno luogo presso la predetta sede della societ\u00e0 e sono curati solo da personale autorizzato, o da eventuali incaricati di occasionali operazioni di manutenzione. Nessun dato derivante dal servizio web viene comunicato o diffuso.<br \/>I dati personali forniti dagli utenti che inoltrano richieste di invio di materiale informativo (mailing list, newsletter, risposte a quesiti, ecc.) sono utilizzati al solo fine di eseguire il servizio o la prestazione richiesta e non sono comunicate a terzi.<\/p>\n<p>TIPI DI DATI TRATTATI<br \/>Dati di navigazione.<br \/>I sistemi informatici e le procedure software preposte al funzionamento di questo sito web acquisiscono, nel corso del loro normale esercizio, alcuni dati personali la cui trasmissione \u00e8 implicita nell&#8217;uso dei protocolli di comunicazione di Internet. Si tratta di informazioni che non sono raccolte per essere associate a interessati identificati, ma che per loro stessa natura potrebbero, attraverso elaborazioni ed associazioni con dati detenuti da terzi, permettere di identificare gli utenti. In questa categoria di dati rientrano gli indirizzi IP o i nomi a dominio dei computer utilizzati dagli utenti che si connettono al sito, gli indirizzi in notazione URI (Uniform Resource Identifier) delle risorse richieste, l&#8217;orario della richiesta, il metodo utilizzato nel sottoporre la richiesta al server, la dimensione del file ottenuto in risposta, il codice numerico indicante lo stato della risposta data dal server (buon fine, errore, ecc.) ed altri parametri relativi al sistema operativo e all&#8217;ambiente informatico dell&#8217;utente.<br \/>Questi dati vengono utilizzati al solo fine di ricavare informazioni statistiche anonime sull&#8217;uso del sito e per controllarne il corretto funzionamento.<br \/>I dati potrebbero essere utilizzati per l&#8217;accertamento di responsabilit\u00e0 in caso di ipotetici reati informatici ai danni del sito.<\/p>\n<p>Dati forniti volontariamente dall&#8217;utente.<br \/>L&#8217;invio facoltativo, esplicito e volontario di posta elettronica agli indirizzi indicati su questo sito comporta la successiva acquisizione dell&#8217;indirizzo del mittente, necessario per rispondere alle richieste, nonch\u00e8 degli eventuali altri dati personali inseriti nella missiva.<\/p>\n<p>COOKIES<br \/>Nessun dato personale degli utenti viene di proposito acquisito dal sito.<br \/>I cookies di sessione utilizzati in questo sito evitano il ricorso ad altre tecniche informatiche potenzialmente pregiudizievoli per la riservatezza della navigazione degli utenti e non consentono l&#8217;acquisizione di dati personali identificativi dell&#8217;utente.<\/p>\n<p>FACOLTATIVIT\u00c0 DEL CONFERIMENTO DEI DATI<br \/>A parte quanto specificato per i dati di navigazione, l&#8217;utente \u00e8 libero di fornire i dati personali riportati nei moduli di richiesta alla societ\u00e0. Il loro mancato conferimento pu\u00f2 comportare l&#8217;impossibilit\u00e0 di ottenere quanto richiesto.<\/p>\n<p>MODALIT\u00c0 DEL TRATTAMENTO<br \/>I dati personali sono trattati con strumenti automatizzati e non, per gli scopi per cui sono stati raccolti. Specifiche misure di sicurezza sono osservate per prevenire la perdita dei dati, usi illeciti o non corretti ed accessi non autorizzati. I dati raccolti, potranno essere utilizzati per conto del titolare del trattamento, dagli amministratori incaricati di svolgere servizi di elaborazione e di corretto svolgimento delle attivit\u00e0 del sito.<\/p>\n<p>TRASFERIMENTO DI DATI ALL&#8217;ESTERO<br \/>I tuoi dati personali saranno trattati da Martello Teleferiche srl all&#8217;interno del territorio dell&#8217;Unione Europea.<br \/>Qualora per questioni di natura tecnica e\/o operativa si renda necessario avvalersi di soggetti ubicati al di fuori dell&#8217;Unione Europea, oppure si renda necessario trasferire alcuni dei dati raccolti verso sistemi tecnici e servizi gestiti in cloud e localizzati al di fuori dell&#8217;area dell&#8217;Unione Europea, il trattamento sar\u00e0 regolato in conformit\u00e0 a quanto previsto dal capo V del Regolamento e autorizzato in base a specifiche decisioni dell&#8217;Unione Europea. Saranno quindi adottate tutte le cautele necessarie al fine di garantire la pi\u00f9 totale protezione dei dati personali basando tale trasferimento: a) su decisioni di adeguatezza dei paesi terzi destinatari espressi dalla Commissione Europea; b) su garanzie adeguate espresse dal soggetto terzo destinatario ai sensi dell&#8217;art. 46 del Regolamento; c) sull&#8217;adozione di norme vincolanti d&#8217;impresa, cd. Corporate binding rules.<\/p>\n<p>DURATA DEL TRATTAMENTO E CONSERVAZIONE DEI DATI PERSONALI<br \/>Martello Teleferiche srl in accordo con l&#8217;Art. 5.1 e del GDPR tratter\u00e0 i dati da te conferiti per tutta la durata di esecuzione dei servizi richiesti e li conserver\u00e0 per i 12 mesi successivi ai fini del completamento delle attivit\u00e0 amministrative, oltre che per il tempo necessario ad adempiere gli obblighi di legge.<br \/>Qualora tu abbia autorizzato il trattamento di profilazione, i dati anonimi di volta in volta osservati, saranno cancellati dopo 12 mesi dall&#8217;inizio del trattamento.<\/p>\n<p>DIRITTI DEGLI INTERESSATI<br \/>I soggetti cui si riferiscono i dati personali hanno il diritto in qualunque momento:<br \/>&#8211; di ottenere se il Titolare detiene e\/o tratta dati personali relativi alla tua persona e ad accedervi integralmente anche ottenendone copia (art. 15 Diritto all&#8217;accesso),<br \/>&#8211; alla rettifica dei dati personali inesatti o all&#8217;integrazione dei dati personali incompleti (Art. 16 Diritto di rettifica);<br \/>&#8211; alla cancellazione dei dati personali in possesso del Titolare se sussiste uno dei motivi previsti dal GDPR (Diritto alla Cancellazione, 17);<br \/>&#8211; a chiedere al Titolare di limitare il trattamento solo ad alcuni dati personali, se sussiste uno dei motivi previsti dal Regolamento (Art. 18 Diritto alla limitazione del trattamento);<br \/>&#8211; di richiedere e ricevere tutti i tuoi dati personali trattati dal titolare, in formato strutturato, di uso comune e leggibili da dispositivo automatico oppure richiedere la trasmissione ad altro titolare senza impedimenti (Art. 20, Diritto alla Portabilit\u00e0);<br \/>&#8211; di opporsi in tutto o in parte al trattamento dei dati per finalit\u00e0 di invio di materiale pubblicitario e ricerche di mercato (art. 21 Diritto di opposizione)<br \/>&#8211; di opporsi in tutto o in parte al trattamento dei dati in modalit\u00e0 automatica o semiautomatica per finalit\u00e0 di profilazione<br \/>L&#8217;esercizio di questi diritti pu\u00f2 essere esercitato mediante comunicazione a Martello Teleferiche srl con sede in Frazione Sachet, 119G 32020 VALLADA AGORDINA (BL), oppure indirizzando una email all&#8217;indirizzo info@martelloteleferiche.it.<br \/>Inoltre i soggetti hanno sempre il diritto di proporre reclamo all&#8217;Autorit\u00e0 Garante per la Protezione dei dati Personali, contattabile all&#8217;indirizzo garante@gpdp.it o mediante il sito http:\/\/www.gpdp.it.<\/p>\n","protected":false},"excerpt":{"rendered":"<p>A seguito della consultazione di questo sito possono essere trattati dati relativi a persone identificate o identificabili.Martello Teleferiche srl con sede in Frazione Sachet, 119G 32020 VALLADA AGORDINA (BL) \u00e8 il Titolare del trattamento dei dati personali raccolti su questo sito ai sensi e per gli effetti del Regolamento UE 679\/2016 (GDPR). LUOGO DI TRATTAMENTO [&hellip;]<\/p>\n","protected":false},"author":1,"featured_media":0,"parent":0,"menu_order":0,"comment_status":"closed","ping_status":"open","template":"","meta":{"_acf_changed":false,"footnotes":""},"class_list":["post-371","page","type-page","status-publish","hentry"],"acf":[],"_links":{"self":[{"href":"https:\/\/ziplinesantomaso.it\/en\/wp-json\/wp\/v2\/pages\/371","targetHints":{"allow":["GET"]}}],"collection":[{"href":"https:\/\/ziplinesantomaso.it\/en\/wp-json\/wp\/v2\/pages"}],"about":[{"href":"https:\/\/ziplinesantomaso.it\/en\/wp-json\/wp\/v2\/types\/page"}],"author":[{"embeddable":true,"href":"https:\/\/ziplinesantomaso.it\/en\/wp-json\/wp\/v2\/users\/1"}],"replies":[{"embeddable":true,"href":"https:\/\/ziplinesantomaso.it\/en\/wp-json\/wp\/v2\/comments?post=371"}],"version-history":[{"count":0,"href":"https:\/\/ziplinesantomaso.it\/en\/wp-json\/wp\/v2\/pages\/371\/revisions"}],"wp:attachment":[{"href":"https:\/\/ziplinesantomaso.it\/en\/wp-json\/wp\/v2\/media?parent=371"}],"curies":[{"name":"wp","href":"https:\/\/api.w.org\/{rel}","templated":true}]}}